{"id":2496,"date":"2022-12-08T16:20:33","date_gmt":"2022-12-08T15:20:33","guid":{"rendered":"https:\/\/tucrail.poush-dev.be\/innovation\/"},"modified":"2024-06-10T14:29:18","modified_gmt":"2024-06-10T12:29:18","slug":"innovatie","status":"publish","type":"page","link":"https:\/\/tucrail.poush-dev.be\/nl\/innovatie\/","title":{"rendered":"Innovatie"},"content":{"rendered":"<p>[et_pb_section fb_built=&#8221;1&#8243; _builder_version=&#8221;4.24.2&#8243; _module_preset=&#8221;default&#8221; background_color=&#8221;gcid-f2a75151-a1e8-4584-82ce-672e09d82f8e&#8221; custom_padding=&#8221;0px||0px||true|false&#8221; global_colors_info=&#8221;{%22gcid-f2a75151-a1e8-4584-82ce-672e09d82f8e%22:%91%22background_color%22%93}&#8221;][et_pb_row make_equal=&#8221;on&#8221; custom_padding_last_edited=&#8221;off|tablet&#8221; _builder_version=&#8221;4.24.2&#8243; _module_preset=&#8221;default&#8221; custom_padding=&#8221;0px|0px|0px|0px|true|true&#8221; global_colors_info=&#8221;{}&#8221;][et_pb_column type=&#8221;4_4&#8243; _builder_version=&#8221;4.24.2&#8243; _module_preset=&#8221;default&#8221; background_enable_color=&#8221;off&#8221; custom_padding=&#8221;80px|50px|80px|50px|true|true&#8221; custom_padding_tablet=&#8221;|30px||30px|true|true&#8221; custom_padding_phone=&#8221;|30px||30px|true|true&#8221; custom_padding_last_edited=&#8221;on|tablet&#8221; global_colors_info=&#8221;{%22gcid-06567f2a-c9cd-4e0f-946d-c2d196024fbe%22:%91%22background_color%22%93}&#8221;][et_pb_text _builder_version=&#8221;4.24.2&#8243; _module_preset=&#8221;default&#8221; custom_margin=&#8221;||0px||false|false&#8221; custom_margin_last_edited=&#8221;off|desktop&#8221; hover_enabled=&#8221;0&#8243; sticky_enabled=&#8221;0&#8243;]<\/p>\n<h1>Onze\u00a0<strong>innovatieve<\/strong> geest<\/h1>\n<p>[\/et_pb_text][\/et_pb_column][\/et_pb_row][\/et_pb_section][et_pb_section fb_built=&#8221;1&#8243; admin_label=&#8221;A propos&#8221; _builder_version=&#8221;4.24.2&#8243; _module_preset=&#8221;9dcc5149-6df9-401d-b205-5176a07c0187&#8243; custom_padding=&#8221;||||false|false&#8221;][et_pb_row use_custom_gutter=&#8221;on&#8221; gutter_width=&#8221;3&#8243; _builder_version=&#8221;4.24.2&#8243; _module_preset=&#8221;default&#8221; custom_padding=&#8221;|50px|0px|50px|false|true&#8221; global_colors_info=&#8221;{}&#8221;][et_pb_column type=&#8221;4_4&#8243; _builder_version=&#8221;4.19.4&#8243; _module_preset=&#8221;default&#8221; global_colors_info=&#8221;{}&#8221;][et_pb_text _builder_version=&#8221;4.24.2&#8243; _module_preset=&#8221;default&#8221; global_colors_info=&#8221;{%22gcid-1c9c9c5d-debc-42c8-9e63-c559fa594fd3%22:%91%22text_text_color%22,%22text_text_color%22%93}&#8221;]<\/p>\n<h2>Enkele voorbeelden van\u00a0<strong>innovatieve projecten<\/strong><\/h2>\n<p>Ontdek de\u00a0<strong>innovaties<\/strong>\u00a0waaraan wij werken dankzij de expertise en ervaring van onze medewerkers.<\/p>\n<p>[\/et_pb_text][\/et_pb_column][\/et_pb_row][et_pb_row column_structure=&#8221;1_3,1_3,1_3&#8243; use_custom_gutter=&#8221;on&#8221; gutter_width=&#8221;4&#8243; _builder_version=&#8221;4.24.2&#8243; _module_preset=&#8221;default&#8221; custom_padding=&#8221;|50px|0px|50px|false|true&#8221; global_colors_info=&#8221;{}&#8221;][et_pb_column type=&#8221;1_3&#8243; _builder_version=&#8221;4.19.4&#8243; _module_preset=&#8221;default&#8221; global_colors_info=&#8221;{}&#8221;][et_pb_image src=&#8221;https:\/\/tucrail.poush-dev.be\/wp-content\/uploads\/2024\/04\/TUC-infiltration.svg&#8221; title_text=&#8221;TUC-infiltration&#8221; _builder_version=&#8221;4.24.2&#8243; _module_preset=&#8221;default&#8221; width=&#8221;80px&#8221; max_width=&#8221;80px&#8221; module_alignment=&#8221;center&#8221; custom_margin=&#8221;||||false|false&#8221; custom_padding=&#8221;|20px|35px||false|false&#8221; custom_css_main_element=&#8221;display: table-cell;||vertical-align: middle;&#8221; global_colors_info=&#8221;{}&#8221;][\/et_pb_image][et_pb_text _builder_version=&#8221;4.24.2&#8243; _module_preset=&#8221;505ff13c-b843-4625-b23a-7ac0ae50aa93&#8243; custom_margin=&#8221;||||false|false&#8221; custom_padding=&#8221;||15px||false|false&#8221; custom_css_main_element=&#8221;display: table-cell;||vertical-align: middle;&#8221;]<\/p>\n<h3>Infiltrerende spoorbedding<\/h3>\n<p>[\/et_pb_text][et_pb_text _builder_version=&#8221;4.24.2&#8243; _module_preset=&#8221;505ff13c-b843-4625-b23a-7ac0ae50aa93&#8243; width=&#8221;100%&#8221; max_width=&#8221;100%&#8221; custom_margin=&#8221;||35px||false|false&#8221;]<\/p>\n<p>Met de studie van de infiltrerende bedding stellen wij een oplossing voor om de\u00a0<strong>spoorbedding economischer en milieuvriendelijker<\/strong>\u00a0te maken. In zones waar regenwater in de ondergrond kan indringen, wordt de spoorfundering aangepast om\u00a0<strong>regenwater onder het spoor te laten infiltreren<\/strong>, zonder de stabiliteit van het spoor in gevaar te brengen.\u00a0<\/p>\n<p>Dit maakt het niet alleen mogelijk om\u00a0<strong>minder openbare ruimte<\/strong>\u00a0te gebruiken, maar ook om het\u00a0<strong>dalende grondwaterpeil opnieuw aan te vullen<\/strong>\u00a0en een\u00a0<strong>minder duur en technisch eenvoudiger drainagesysteem<\/strong>\u00a0te plaatsen.<\/p>\n<p>[\/et_pb_text][\/et_pb_column][et_pb_column type=&#8221;1_3&#8243; _builder_version=&#8221;4.19.4&#8243; _module_preset=&#8221;default&#8221; global_colors_info=&#8221;{}&#8221;][et_pb_image src=&#8221;https:\/\/tucrail.poush-dev.be\/wp-content\/uploads\/2024\/04\/TUC-drone.svg&#8221; title_text=&#8221;TUC-drone&#8221; _builder_version=&#8221;4.24.2&#8243; _module_preset=&#8221;default&#8221; width=&#8221;80px&#8221; max_width=&#8221;80px&#8221; module_alignment=&#8221;center&#8221; custom_margin=&#8221;||||false|false&#8221; custom_padding=&#8221;|20px|35px||false|false&#8221; custom_css_main_element=&#8221;display: table-cell;||vertical-align: middle;&#8221; global_colors_info=&#8221;{}&#8221;][\/et_pb_image][et_pb_text _builder_version=&#8221;4.24.2&#8243; _module_preset=&#8221;505ff13c-b843-4625-b23a-7ac0ae50aa93&#8243; custom_margin=&#8221;||||false|false&#8221; custom_padding=&#8221;||15px||false|false&#8221; custom_css_main_element=&#8221;display: table-cell;||vertical-align: middle;&#8221;]<\/p>\n<h3>Gebruik<br \/>van drones<\/h3>\n<p>[\/et_pb_text][et_pb_text _builder_version=&#8221;4.24.2&#8243; _module_preset=&#8221;505ff13c-b843-4625-b23a-7ac0ae50aa93&#8243; width=&#8221;100%&#8221; max_width=&#8221;100%&#8221; custom_margin=&#8221;||35px||false|false&#8221;]<\/p>\n<p>In een pilootproject is het\u00a0<strong>gebruik van drones op de bouwwerven\u00a0<\/strong>getest. Het doel was om te bepalen welke activa kunnen worden gemeten door een drone en met welke nauwkeurigheid, met het oog op\u00a0<strong>automatische bewerking van de meetgegevens die opgenomen kunnen worden in het voortgangsrapport<\/strong>\u00a0van een bouwwerf. Deze gegevens worden bewerkt met behulp van artifici\u00eble intelligentie.<\/p>\n<p>[\/et_pb_text][\/et_pb_column][et_pb_column type=&#8221;1_3&#8243; _builder_version=&#8221;4.19.4&#8243; _module_preset=&#8221;default&#8221; global_colors_info=&#8221;{}&#8221;][et_pb_image src=&#8221;https:\/\/tucrail.poush-dev.be\/wp-content\/uploads\/2024\/04\/TUC-automegger.svg&#8221; title_text=&#8221;TUC-automegger&#8221; _builder_version=&#8221;4.24.2&#8243; _module_preset=&#8221;default&#8221; width=&#8221;80px&#8221; max_width=&#8221;80px&#8221; module_alignment=&#8221;center&#8221; custom_margin=&#8221;||||false|false&#8221; custom_padding=&#8221;|20px|35px||false|false&#8221; custom_css_main_element=&#8221;display: table-cell;||vertical-align: middle;&#8221; global_colors_info=&#8221;{}&#8221;][\/et_pb_image][et_pb_text _builder_version=&#8221;4.24.2&#8243; _module_preset=&#8221;505ff13c-b843-4625-b23a-7ac0ae50aa93&#8243; custom_margin=&#8221;||||false|false&#8221; custom_padding=&#8221;||15px||false|false&#8221; custom_css_main_element=&#8221;display: table-cell;||vertical-align: middle;&#8221;]<\/p>\n<h3>Automatisch meetinstrument voor kabels<\/h3>\n<p>[\/et_pb_text][et_pb_text _builder_version=&#8221;4.24.2&#8243; _module_preset=&#8221;505ff13c-b843-4625-b23a-7ac0ae50aa93&#8243; width=&#8221;100%&#8221; max_width=&#8221;100%&#8221; custom_margin=&#8221;||35px||false|false&#8221;]<\/p>\n<p>Met de AMT kunnen\u00a0<strong>gegevenskabels<\/strong>\u00a0die uit meerdere geleiders bestaan\u00a0<strong>automatisch worden getest en gecontroleerd<\/strong>\u00a0tijdens hun levensduur. Hiermee kan de degradatie van een kabel worden gevolgd en kan deze, indien nodig, proactief worden vervangen, wat de\u00a0<strong>operationele betrouwbaarheid<\/strong>\u00a0en de\u00a0<strong>stiptheid<\/strong>\u00a0van het treinverkeer ten goede komt.<\/p>\n<p>[\/et_pb_text][\/et_pb_column][\/et_pb_row][et_pb_row _builder_version=&#8221;4.24.2&#8243; _module_preset=&#8221;default&#8221; global_colors_info=&#8221;{}&#8221;][et_pb_column type=&#8221;4_4&#8243; _builder_version=&#8221;4.19.4&#8243; _module_preset=&#8221;default&#8221; global_colors_info=&#8221;{}&#8221;][et_pb_text _builder_version=&#8221;4.24.2&#8243; _module_preset=&#8221;505ff13c-b843-4625-b23a-7ac0ae50aa93&#8243; text_orientation=&#8221;center&#8221; text_orientation_tablet=&#8221;left&#8221; text_orientation_phone=&#8221;left&#8221; text_orientation_last_edited=&#8221;on|tablet&#8221; global_colors_info=&#8221;{%22gcid-1c9c9c5d-debc-42c8-9e63-c559fa594fd3%22:%91%22text_text_color%22%93}&#8221;]<\/p>\n<h3>Ontdek onze innovatieve projecten die de energietransitie ondersteunen<\/h3>\n<p>[\/et_pb_text][et_pb_button button_url=&#8221;@ET-DC@eyJkeW5hbWljIjp0cnVlLCJjb250ZW50IjoicG9zdF9saW5rX3VybF9wYWdlIiwic2V0dGluZ3MiOnsicG9zdF9pZCI6Ijc4MyJ9fQ==@&#8221; button_text=&#8221;Meer weten over onze projecten&#8221; button_alignment=&#8221;center&#8221; button_alignment_tablet=&#8221;left&#8221; button_alignment_phone=&#8221;left&#8221; button_alignment_last_edited=&#8221;on|tablet&#8221; _builder_version=&#8221;4.24.2&#8243; _dynamic_attributes=&#8221;button_url&#8221; _module_preset=&#8221;default&#8221;][\/et_pb_button][\/et_pb_column][\/et_pb_row][\/et_pb_section][et_pb_section fb_built=&#8221;1&#8243; _builder_version=&#8221;4.24.2&#8243; _module_preset=&#8221;default&#8221; background_color=&#8221;gcid-7f84c7d5-3df1-41ab-a564-3175da5a1c01&#8243; background_enable_image=&#8221;off&#8221; global_colors_info=&#8221;{%22gcid-7f84c7d5-3df1-41ab-a564-3175da5a1c01%22:%91%22background_color%22%93}&#8221;][et_pb_row column_structure=&#8221;3_5,2_5&#8243; use_custom_gutter=&#8221;on&#8221; gutter_width=&#8221;3&#8243; _builder_version=&#8221;4.24.2&#8243; _module_preset=&#8221;default&#8221; custom_padding=&#8221;|50px|0px|50px|false|true&#8221; custom_padding_phone=&#8221;|30px||30px|false|true&#8221; global_colors_info=&#8221;{}&#8221;][et_pb_column type=&#8221;3_5&#8243; _builder_version=&#8221;4.24.2&#8243; _module_preset=&#8221;default&#8221; global_colors_info=&#8221;{}&#8221;][et_pb_text _builder_version=&#8221;4.24.2&#8243; _module_preset=&#8221;default&#8221; background_layout=&#8221;dark&#8221;]<\/p>\n<h2>Bij\u00a0<strong>TUC RAIL<\/strong>\u00a0geloven we dat\u00a0<strong>innovatie samen<\/strong>\u00a0tot stand komt<\/h2>\n<p>[\/et_pb_text][\/et_pb_column][et_pb_column type=&#8221;2_5&#8243; _builder_version=&#8221;4.24.2&#8243; _module_preset=&#8221;default&#8221; global_colors_info=&#8221;{}&#8221;][et_pb_button button_url=&#8221;@ET-DC@eyJkeW5hbWljIjp0cnVlLCJjb250ZW50IjoicG9zdF9saW5rX3VybF9wYWdlIiwic2V0dGluZ3MiOnsicG9zdF9pZCI6Ijc3NSJ9fQ==@&#8221; button_text=&#8221;Meer weten over onze aanpak&#8221; _builder_version=&#8221;4.24.2&#8243; _dynamic_attributes=&#8221;button_url&#8221; _module_preset=&#8221;6dc23cfc-9682-4865-8b16-70767e44f6ef&#8221; global_colors_info=&#8221;{}&#8221;][\/et_pb_button][\/et_pb_column][\/et_pb_row][\/et_pb_section][et_pb_section fb_built=&#8221;1&#8243; admin_label=&#8221;CTA&#8221; _builder_version=&#8221;4.24.2&#8243; _module_preset=&#8221;default&#8221; background_color=&#8221;gcid-06567f2a-c9cd-4e0f-946d-c2d196024fbe&#8221; custom_padding=&#8221;0px||0px|0px|true|false&#8221; global_colors_info=&#8221;{%22gcid-06567f2a-c9cd-4e0f-946d-c2d196024fbe%22:%91%22background_color%22%93}&#8221;][et_pb_row column_structure=&#8221;2_5,3_5&#8243; make_equal=&#8221;on&#8221; _builder_version=&#8221;4.24.2&#8243; _module_preset=&#8221;default&#8221; custom_padding=&#8221;0px||0px|0px|true|false&#8221; custom_padding_tablet=&#8221;|0px||0px|false|true&#8221; global_colors_info=&#8221;{}&#8221; custom_css_main_element_last_edited=&#8221;on|tablet&#8221; custom_css_main_element_tablet=&#8221;display: flex;||flex-direction: column-reverse;&#8221; custom_css_main_element_phone=&#8221;display: flex;||flex-direction: column-reverse;&#8221;][et_pb_column type=&#8221;2_5&#8243; _builder_version=&#8221;4.24.2&#8243; _module_preset=&#8221;default&#8221; background_image=&#8221;https:\/\/tucrail.poush-dev.be\/wp-content\/uploads\/2023\/03\/220823-TucRail-Office-BenBrolet-0021.jpg&#8221; custom_padding=&#8221;150px||||false|false&#8221; custom_css_main_element=&#8221;align-content: flex-end;||margin-bottom: 0;&#8221; global_colors_info=&#8221;{}&#8221;][et_pb_image src=&#8221;https:\/\/tucrail.poush-dev.be\/wp-content\/uploads\/2024\/04\/lines-white-br-5.svg&#8221; title_text=&#8221;lines-white-br-5&#8243; align=&#8221;right&#8221; _builder_version=&#8221;4.24.2&#8243; _module_preset=&#8221;default&#8221; max_width=&#8221;200px&#8221; max_width_tablet=&#8221;100px&#8221; max_width_phone=&#8221;150px&#8221; max_width_last_edited=&#8221;on|tablet&#8221; custom_margin=&#8221;||0px||false|false&#8221; global_colors_info=&#8221;{}&#8221;][\/et_pb_image][\/et_pb_column][et_pb_column type=&#8221;3_5&#8243; _builder_version=&#8221;4.24.2&#8243; _module_preset=&#8221;default&#8221; custom_padding=&#8221;80px|50px|80px|50px|true|true&#8221; custom_padding_tablet=&#8221;|30px||30px|true|true&#8221; custom_padding_phone=&#8221;|30px||30px|true|true&#8221; custom_padding_last_edited=&#8221;on|tablet&#8221; global_colors_info=&#8221;{}&#8221;][et_pb_text _builder_version=&#8221;4.24.2&#8243; _module_preset=&#8221;505ff13c-b843-4625-b23a-7ac0ae50aa93&#8243; background_layout=&#8221;dark&#8221; global_colors_info=&#8221;{%22gcid-7f84c7d5-3df1-41ab-a564-3175da5a1c01%22:%91%22header_text_color%22,%22header_text_color%22%93}&#8221;]<\/p>\n<h2><strong>InnoLAB<\/strong>: laten we innovatie stimuleren!<\/h2>\n<p>[\/et_pb_text][et_pb_text _builder_version=&#8221;4.24.2&#8243; _module_preset=&#8221;505ff13c-b843-4625-b23a-7ac0ae50aa93&#8243; background_layout=&#8221;dark&#8221; max_width=&#8221;650px&#8221; max_width_tablet=&#8221;100%&#8221; max_width_phone=&#8221;100%&#8221; max_width_last_edited=&#8221;on|tablet&#8221; custom_margin=&#8221;||0px||false|false&#8221; custom_margin_last_edited=&#8221;off|desktop&#8221; global_colors_info=&#8221;{%22gcid-7f84c7d5-3df1-41ab-a564-3175da5a1c01%22:%91%22header_text_color%22,%22header_text_color%22%93}&#8221;]<\/p>\n<p>Hoe kunnen we onze spoorweginfrastructuur nog effici\u00ebnter gebruiken ten behoeve van de samenleving? Wij denken na over innovatieve oplossingen om onze vaardigheden optimaal te benutten. Wij zijn ons ervan bewust dat wij, om onze engagementen na te komen, voortdurend moeten\u00a0<strong>innoveren<\/strong>, niet alleen in ons werk, maar ook structureel.<\/p>\n<p>Daartoe heeft TUC RAIL\u00a0<strong>InnoLAB<\/strong>\u00a0in het leven geroepen, een team dat\u00a0<strong>innovatie stimuleert<\/strong>\u00a0rond drie belangrijke pijlers: economie, ecologie en energietransitie. InnoLAB moedigt onze medewerkers aan om\u00a0<strong>hun innovatieve idee\u00ebn te delen met het oog op de ontwikkeling en verwezenlijking ervan.<\/strong><\/p>\n<p>[\/et_pb_text][\/et_pb_column][\/et_pb_row][\/et_pb_section]<\/p>\n","protected":false},"excerpt":{"rendered":"<p>Onze\u00a0innovatieve geestEnkele voorbeelden van\u00a0innovatieve projecten Ontdek de\u00a0innovaties\u00a0waaraan wij werken dankzij de expertise en ervaring van onze medewerkers.Infiltrerende spoorbeddingMet de studie van de infiltrerende bedding stellen wij een oplossing voor om de\u00a0spoorbedding economischer en milieuvriendelijker\u00a0te maken. In zones waar regenwater in de ondergrond kan indringen, wordt de spoorfundering aangepast om\u00a0regenwater onder het spoor te laten infiltreren, zonder de stabiliteit van het spoor in gevaar te brengen.\u00a0 Dit maakt het niet alleen mogelijk om\u00a0minder openbare ruimte\u00a0te gebruiken, maar ook om het\u00a0dalende grondwaterpeil opnieuw aan te vullen\u00a0en een\u00a0minder duur en technisch eenvoudiger drainagesysteem\u00a0te plaatsen.Gebruikvan dronesIn een pilootproject is het\u00a0gebruik van drones op de bouwwerven\u00a0getest. Het doel was om te bepalen welke activa kunnen worden gemeten door een drone en met welke nauwkeurigheid, met het oog op\u00a0automatische bewerking van de meetgegevens die opgenomen kunnen worden in het voortgangsrapport\u00a0van een bouwwerf. Deze gegevens worden bewerkt met behulp van artifici\u00eble intelligentie.Automatisch meetinstrument voor kabelsMet de AMT kunnen\u00a0gegevenskabels\u00a0die uit meerdere geleiders bestaan\u00a0automatisch worden getest en gecontroleerd\u00a0tijdens hun levensduur. Hiermee kan de degradatie van een kabel worden gevolgd en kan deze, indien nodig, proactief worden vervangen, wat de\u00a0operationele betrouwbaarheid\u00a0en de\u00a0stiptheid\u00a0van het treinverkeer ten goede komt.Ontdek onze innovatieve projecten die de energietransitie ondersteunenBij\u00a0TUC RAIL\u00a0geloven we dat\u00a0innovatie samen\u00a0tot stand komtInnoLAB: [&hellip;]<\/p>\n","protected":false},"author":1,"featured_media":0,"parent":0,"menu_order":23,"comment_status":"closed","ping_status":"closed","template":"","meta":{"_et_pb_use_builder":"on","_et_pb_old_content":"","_et_gb_content_width":"","inline_featured_image":false,"footnotes":""},"yoast_head":"<!-- This site is optimized with the Yoast SEO plugin v23.5 - https:\/\/yoast.com\/wordpress\/plugins\/seo\/ -->\n<title>L\u2019innovation - TUC RAIL<\/title>\n<meta name=\"description\" content=\"Chez TUC RAIL, nous stimulons l\u2019innovation. Nous partageons, d\u00e9veloppons et mat\u00e9rialisons nos id\u00e9es innovantes dans nos projets ferroviaires.\" \/>\n<meta name=\"robots\" content=\"noindex, follow, max-snippet:-1, max-image-preview:large, max-video-preview:-1\" \/>\n<meta property=\"og:locale\" content=\"nl_NL\" \/>\n<meta property=\"og:type\" content=\"article\" \/>\n<meta property=\"og:site_name\" content=\"TUC RAIL\" \/>\n<meta property=\"article:modified_time\" content=\"2024-06-10T12:29:18+00:00\" \/>\n<meta name=\"twitter:card\" content=\"summary_large_image\" \/>\n<meta name=\"twitter:label1\" content=\"Geschatte leestijd\" \/>\n\t<meta name=\"twitter:data1\" content=\"3 minuten\" \/>\n<script type=\"application\/ld+json\" class=\"yoast-schema-graph\">{\"@context\":\"https:\/\/schema.org\",\"@graph\":[{\"@type\":\"WebPage\",\"@id\":\"https:\/\/tucrail.poush-dev.be\/nl\/innovatie\/\",\"url\":\"https:\/\/tucrail.poush-dev.be\/nl\/innovatie\/\",\"name\":\"L\u2019innovation - TUC RAIL\",\"isPartOf\":{\"@id\":\"https:\/\/tucrail.poush-dev.be\/nl\/#website\"},\"datePublished\":\"2022-12-08T15:20:33+00:00\",\"dateModified\":\"2024-06-10T12:29:18+00:00\",\"description\":\"Chez TUC RAIL, nous stimulons l\u2019innovation. Nous partageons, d\u00e9veloppons et mat\u00e9rialisons nos id\u00e9es innovantes dans nos projets ferroviaires.\",\"breadcrumb\":{\"@id\":\"https:\/\/tucrail.poush-dev.be\/nl\/innovatie\/#breadcrumb\"},\"inLanguage\":\"nl-NL\",\"potentialAction\":[{\"@type\":\"ReadAction\",\"target\":[\"https:\/\/tucrail.poush-dev.be\/nl\/innovatie\/\"]}]},{\"@type\":\"BreadcrumbList\",\"@id\":\"https:\/\/tucrail.poush-dev.be\/nl\/innovatie\/#breadcrumb\",\"itemListElement\":[{\"@type\":\"ListItem\",\"position\":1,\"name\":\"Accueil\",\"item\":\"https:\/\/tucrail.poush-dev.be\/nl\/\"},{\"@type\":\"ListItem\",\"position\":2,\"name\":\"Innovatie\"}]},{\"@type\":\"WebSite\",\"@id\":\"https:\/\/tucrail.poush-dev.be\/nl\/#website\",\"url\":\"https:\/\/tucrail.poush-dev.be\/nl\/\",\"name\":\"TUC RAIL\",\"description\":\"Flexible Thinking, Reliable Results\",\"potentialAction\":[{\"@type\":\"SearchAction\",\"target\":{\"@type\":\"EntryPoint\",\"urlTemplate\":\"https:\/\/tucrail.poush-dev.be\/nl\/?s={search_term_string}\"},\"query-input\":{\"@type\":\"PropertyValueSpecification\",\"valueRequired\":true,\"valueName\":\"search_term_string\"}}],\"inLanguage\":\"nl-NL\"}]}<\/script>\n<!-- \/ Yoast SEO plugin. -->","yoast_head_json":{"title":"L\u2019innovation - TUC RAIL","description":"Chez TUC RAIL, nous stimulons l\u2019innovation. Nous partageons, d\u00e9veloppons et mat\u00e9rialisons nos id\u00e9es innovantes dans nos projets ferroviaires.","robots":{"index":"noindex","follow":"follow","max-snippet":"max-snippet:-1","max-image-preview":"max-image-preview:large","max-video-preview":"max-video-preview:-1"},"og_locale":"nl_NL","og_type":"article","og_site_name":"TUC RAIL","article_modified_time":"2024-06-10T12:29:18+00:00","twitter_card":"summary_large_image","twitter_misc":{"Geschatte leestijd":"3 minuten"},"schema":{"@context":"https:\/\/schema.org","@graph":[{"@type":"WebPage","@id":"https:\/\/tucrail.poush-dev.be\/nl\/innovatie\/","url":"https:\/\/tucrail.poush-dev.be\/nl\/innovatie\/","name":"L\u2019innovation - TUC RAIL","isPartOf":{"@id":"https:\/\/tucrail.poush-dev.be\/nl\/#website"},"datePublished":"2022-12-08T15:20:33+00:00","dateModified":"2024-06-10T12:29:18+00:00","description":"Chez TUC RAIL, nous stimulons l\u2019innovation. Nous partageons, d\u00e9veloppons et mat\u00e9rialisons nos id\u00e9es innovantes dans nos projets ferroviaires.","breadcrumb":{"@id":"https:\/\/tucrail.poush-dev.be\/nl\/innovatie\/#breadcrumb"},"inLanguage":"nl-NL","potentialAction":[{"@type":"ReadAction","target":["https:\/\/tucrail.poush-dev.be\/nl\/innovatie\/"]}]},{"@type":"BreadcrumbList","@id":"https:\/\/tucrail.poush-dev.be\/nl\/innovatie\/#breadcrumb","itemListElement":[{"@type":"ListItem","position":1,"name":"Accueil","item":"https:\/\/tucrail.poush-dev.be\/nl\/"},{"@type":"ListItem","position":2,"name":"Innovatie"}]},{"@type":"WebSite","@id":"https:\/\/tucrail.poush-dev.be\/nl\/#website","url":"https:\/\/tucrail.poush-dev.be\/nl\/","name":"TUC RAIL","description":"Flexible Thinking, Reliable Results","potentialAction":[{"@type":"SearchAction","target":{"@type":"EntryPoint","urlTemplate":"https:\/\/tucrail.poush-dev.be\/nl\/?s={search_term_string}"},"query-input":{"@type":"PropertyValueSpecification","valueRequired":true,"valueName":"search_term_string"}}],"inLanguage":"nl-NL"}]}},"_links":{"self":[{"href":"https:\/\/tucrail.poush-dev.be\/nl\/wp-json\/wp\/v2\/pages\/2496"}],"collection":[{"href":"https:\/\/tucrail.poush-dev.be\/nl\/wp-json\/wp\/v2\/pages"}],"about":[{"href":"https:\/\/tucrail.poush-dev.be\/nl\/wp-json\/wp\/v2\/types\/page"}],"author":[{"embeddable":true,"href":"https:\/\/tucrail.poush-dev.be\/nl\/wp-json\/wp\/v2\/users\/1"}],"replies":[{"embeddable":true,"href":"https:\/\/tucrail.poush-dev.be\/nl\/wp-json\/wp\/v2\/comments?post=2496"}],"version-history":[{"count":11,"href":"https:\/\/tucrail.poush-dev.be\/nl\/wp-json\/wp\/v2\/pages\/2496\/revisions"}],"predecessor-version":[{"id":6353,"href":"https:\/\/tucrail.poush-dev.be\/nl\/wp-json\/wp\/v2\/pages\/2496\/revisions\/6353"}],"wp:attachment":[{"href":"https:\/\/tucrail.poush-dev.be\/nl\/wp-json\/wp\/v2\/media?parent=2496"}],"curies":[{"name":"wp","href":"https:\/\/api.w.org\/{rel}","templated":true}]}}