{"id":2415,"date":"2022-12-08T13:51:51","date_gmt":"2022-12-08T12:51:51","guid":{"rendered":"https:\/\/tucrail.poush-dev.be\/digital-railways\/"},"modified":"2024-05-07T11:40:57","modified_gmt":"2024-05-07T09:40:57","slug":"ict-diensten","status":"publish","type":"page","link":"https:\/\/tucrail.poush-dev.be\/nl\/diensten-producten\/ict-diensten\/","title":{"rendered":"ICT-diensten"},"content":{"rendered":"<p>[et_pb_section fb_built=&#8221;1&#8243; _builder_version=&#8221;4.24.2&#8243; _module_preset=&#8221;default&#8221; custom_padding=&#8221;0px||0px||true|false&#8221; global_colors_info=&#8221;{}&#8221;][et_pb_row column_structure=&#8221;3_5,2_5&#8243; make_equal=&#8221;on&#8221; custom_padding_last_edited=&#8221;off|desktop&#8221; _builder_version=&#8221;4.24.2&#8243; _module_preset=&#8221;default&#8221; custom_padding=&#8221;0px|0px|0px|0px|true|true&#8221; global_colors_info=&#8221;{}&#8221;][et_pb_column type=&#8221;3_5&#8243; _builder_version=&#8221;4.24.2&#8243; _module_preset=&#8221;default&#8221; background_enable_color=&#8221;off&#8221; custom_padding=&#8221;80px|50px|80px|50px|true|true&#8221; custom_padding_tablet=&#8221;|30px||30px|true|true&#8221; custom_padding_phone=&#8221;|30px||30px|true|true&#8221; custom_padding_last_edited=&#8221;on|tablet&#8221; global_colors_info=&#8221;{%22gcid-06567f2a-c9cd-4e0f-946d-c2d196024fbe%22:%91%22background_color%22%93}&#8221;][et_pb_text _builder_version=&#8221;4.24.2&#8243; _module_preset=&#8221;default&#8221; custom_margin=&#8221;||35px||false|false&#8221; custom_margin_tablet=&#8221;&#8221; custom_margin_phone=&#8221;&#8221; custom_margin_last_edited=&#8221;on|desktop&#8221;]<\/p>\n<h1>Onze ICT-diensten<\/h1>\n<p>[\/et_pb_text][et_pb_text _builder_version=&#8221;4.24.2&#8243; _module_preset=&#8221;283ce6ae-81de-4603-bfbd-84ec18759d05&#8243;]<\/p>\n<p>TUC RAIL biedt gespecialiseerde\u00a0<strong>services de ICT-consultancydiensten\u00a0<\/strong>op maat van spoorwegorganisaties.<\/p>\n<p>[\/et_pb_text][\/et_pb_column][et_pb_column type=&#8221;2_5&#8243; _builder_version=&#8221;4.24.2&#8243; _module_preset=&#8221;default&#8221; background_color=&#8221;gcid-7f84c7d5-3df1-41ab-a564-3175da5a1c01&#8243; custom_padding=&#8221;80px|50px|80px|50px|true|true&#8221; custom_padding_tablet=&#8221;|30px||30px|true|true&#8221; custom_padding_phone=&#8221;|30px||30px|true|true&#8221; custom_padding_last_edited=&#8221;on|desktop&#8221; custom_css_main_element=&#8221;align-content: center;&#8221; global_colors_info=&#8221;{%22gcid-7f84c7d5-3df1-41ab-a564-3175da5a1c01%22:%91%22background_color%22%93}&#8221;][et_pb_button button_url=&#8221;#step1&#8243; button_text=&#8221;ICT-consultancy&#8221; _builder_version=&#8221;4.24.2&#8243; _module_preset=&#8221;f1bd2bb6-d163-47ca-b85a-5068efb1bb4f&#8221; custom_css_free_form=&#8221;selector:hover:before {||  background: #004bf2;||}&#8221; global_colors_info=&#8221;{%22gcid-7f84c7d5-3df1-41ab-a564-3175da5a1c01%22:%91%22button_text_color%22,%22button_text_color%22%93,%22gcid-02eea4c1-992a-4bff-aee2-539b98054199%22:%91%22button_text_color__hover%22%93}&#8221; button_text_color__hover=&#8221;#004bf2&#8243;][\/et_pb_button][et_pb_button button_url=&#8221;#step2&#8243; button_text=&#8221;Datacenter&#8221; _builder_version=&#8221;4.24.2&#8243; _module_preset=&#8221;f1bd2bb6-d163-47ca-b85a-5068efb1bb4f&#8221; custom_css_free_form=&#8221;selector:hover:before {||  background: #004bf2;||}&#8221; global_colors_info=&#8221;{%22gcid-7f84c7d5-3df1-41ab-a564-3175da5a1c01%22:%91%22button_text_color%22,%22button_text_color%22,%22button_text_color%22,%22button_text_color%22%93,%22gcid-02eea4c1-992a-4bff-aee2-539b98054199%22:%91%22button_text_color__hover%22%93}&#8221; button_text_color__hover=&#8221;#004bf2&#8243;][\/et_pb_button][\/et_pb_column][\/et_pb_row][\/et_pb_section][et_pb_section fb_built=&#8221;1&#8243; module_id=&#8221;step1&#8243; _builder_version=&#8221;4.24.2&#8243; _module_preset=&#8221;default&#8221; background_color=&#8221;gcid-f2a75151-a1e8-4584-82ce-672e09d82f8e&#8221; custom_padding=&#8221;0px||0px|0px|true|false&#8221; global_colors_info=&#8221;{%22gcid-f2a75151-a1e8-4584-82ce-672e09d82f8e%22:%91%22background_color%22%93}&#8221;][et_pb_row column_structure=&#8221;2_5,3_5&#8243; make_equal=&#8221;on&#8221; _builder_version=&#8221;4.24.2&#8243; _module_preset=&#8221;default&#8221; custom_padding=&#8221;0px||0px|0px|true|false&#8221; custom_padding_tablet=&#8221;|0px||0px|false|true&#8221; global_colors_info=&#8221;{}&#8221; custom_css_main_element_last_edited=&#8221;off|tablet&#8221; custom_css_main_element_phone=&#8221;display: flex;||flex-direction: column-reverse;&#8221;][et_pb_column type=&#8221;2_5&#8243; _builder_version=&#8221;4.24.2&#8243; _module_preset=&#8221;default&#8221; custom_padding=&#8221;80px|50px|80px|50px|true|true&#8221; custom_padding_tablet=&#8221;|30px||30px|true|true&#8221; custom_padding_phone=&#8221;|30px||30px|true|true&#8221; custom_padding_last_edited=&#8221;on|tablet&#8221; global_colors_info=&#8221;{}&#8221;][et_pb_text _builder_version=&#8221;4.24.2&#8243; _module_preset=&#8221;505ff13c-b843-4625-b23a-7ac0ae50aa93&#8243; max_width=&#8221;700px&#8221; max_width_tablet=&#8221;100%&#8221; max_width_phone=&#8221;100%&#8221; max_width_last_edited=&#8221;on|tablet&#8221; global_colors_info=&#8221;{%22gcid-7f84c7d5-3df1-41ab-a564-3175da5a1c01%22:%91%22header_text_color%22,%22header_text_color%22%93}&#8221;]<\/p>\n<h2>Wat is ICT-consultancy?<\/h2>\n<p>[\/et_pb_text][et_pb_text _builder_version=&#8221;4.24.2&#8243; _module_preset=&#8221;505ff13c-b843-4625-b23a-7ac0ae50aa93&#8243; header_2_text_color=&#8221;#FFFFFF&#8221; max_width=&#8221;700px&#8221; max_width_tablet=&#8221;100%&#8221; max_width_phone=&#8221;100%&#8221; max_width_last_edited=&#8221;on|tablet&#8221; custom_margin=&#8221;||0px||false|false&#8221; custom_margin_last_edited=&#8221;off|desktop&#8221; global_colors_info=&#8221;{%22gcid-7f84c7d5-3df1-41ab-a564-3175da5a1c01%22:%91%22header_text_color%22,%22header_text_color%22%93}&#8221;]<\/p>\n<p>Deze consultancy omvat een brede waaier van diensten die helpen bij het\u00a0<strong>uitrollen van nieuwe ICT-gebaseerde technologie\u00ebn<\/strong>\u00a0en die spoorweginfrastructuurbeheerders bijstaan in hun\u00a0<strong>operationele digitalisering<\/strong>.<\/p>\n<p>Enkele voorbeelden zijn\u00a0<strong>SAP-implementaties<\/strong>\u00a0voor effici\u00ebnt Asset Management, gespecialiseerde studies voor de implementatie van GSM-R en FRMCS, het gebruik van IA-technologie\u00ebn om veiligheidstools en -processen te verbeteren, enz.<\/p>\n<p>[\/et_pb_text][\/et_pb_column][et_pb_column type=&#8221;3_5&#8243; _builder_version=&#8221;4.24.2&#8243; _module_preset=&#8221;default&#8221; background_image=&#8221;https:\/\/tucrail.poush-dev.be\/wp-content\/uploads\/2023\/03\/TUC-services-ict-01.jpg&#8221; custom_padding=&#8221;150px||||false|false&#8221; custom_css_main_element=&#8221;align-content: flex-end;||margin-bottom: 0;&#8221; global_colors_info=&#8221;{}&#8221;][et_pb_image src=&#8221;https:\/\/tucrail.poush-dev.be\/wp-content\/uploads\/2024\/04\/lines-white-br-2.svg&#8221; title_text=&#8221;lines-white-br-2&#8243; _builder_version=&#8221;4.24.2&#8243; _module_preset=&#8221;0634c94a-b8ab-4651-8392-ce9d84ed0395&#8243; global_colors_info=&#8221;{}&#8221;][\/et_pb_image][\/et_pb_column][\/et_pb_row][\/et_pb_section][et_pb_section fb_built=&#8221;1&#8243; _builder_version=&#8221;4.24.2&#8243; _module_preset=&#8221;default&#8221; background_color=&#8221;gcid-7f84c7d5-3df1-41ab-a564-3175da5a1c01&#8243; background_enable_image=&#8221;off&#8221; global_colors_info=&#8221;{%22gcid-7f84c7d5-3df1-41ab-a564-3175da5a1c01%22:%91%22background_color%22%93}&#8221;][et_pb_row column_structure=&#8221;3_5,2_5&#8243; use_custom_gutter=&#8221;on&#8221; gutter_width=&#8221;3&#8243; _builder_version=&#8221;4.24.2&#8243; _module_preset=&#8221;default&#8221; custom_padding_phone=&#8221;|30px||30px|false|true&#8221; global_colors_info=&#8221;{}&#8221;][et_pb_column type=&#8221;3_5&#8243; _builder_version=&#8221;4.24.2&#8243; _module_preset=&#8221;default&#8221; global_colors_info=&#8221;{}&#8221;][et_pb_text _builder_version=&#8221;4.24.2&#8243; _module_preset=&#8221;default&#8221; background_layout=&#8221;dark&#8221; max_width=&#8221;800px&#8221; custom_margin=&#8221;||0px||false|false&#8221;]<\/p>\n<h2>Bent u ge\u00efnteresseerd in een van onze diensten?<\/h2>\n<p>[\/et_pb_text][\/et_pb_column][et_pb_column type=&#8221;2_5&#8243; _builder_version=&#8221;4.24.2&#8243; _module_preset=&#8221;default&#8221; global_colors_info=&#8221;{}&#8221;][et_pb_button button_url=&#8221;@ET-DC@eyJkeW5hbWljIjp0cnVlLCJjb250ZW50IjoicG9zdF9saW5rX3VybF9wYWdlIiwic2V0dGluZ3MiOnsicG9zdF9pZCI6Ijg2NSJ9fQ==@&#8221; button_text=&#8221;Neem contact met ons op&#8221; _builder_version=&#8221;4.24.2&#8243; _dynamic_attributes=&#8221;button_url&#8221; _module_preset=&#8221;6dc23cfc-9682-4865-8b16-70767e44f6ef&#8221; global_colors_info=&#8221;{}&#8221;][\/et_pb_button][\/et_pb_column][\/et_pb_row][\/et_pb_section][et_pb_section fb_built=&#8221;1&#8243; admin_label=&#8221;Services&#8221; module_id=&#8221;step2&#8243; _builder_version=&#8221;4.24.2&#8243; _module_preset=&#8221;default&#8221; custom_padding=&#8221;||0px||false|false&#8221; global_colors_info=&#8221;{}&#8221;][et_pb_row make_equal=&#8221;on&#8221; custom_padding_last_edited=&#8221;on|phone&#8221; _builder_version=&#8221;4.24.2&#8243; _module_preset=&#8221;default&#8221; custom_padding=&#8221;|50px|0px|50px|false|true&#8221; custom_padding_tablet=&#8221;|30px|0px|30px|false|true&#8221; custom_padding_phone=&#8221;|30px||30px|false|true&#8221; custom_css_main_element=&#8221;align-items: flex-end;&#8221; global_colors_info=&#8221;{}&#8221;][et_pb_column type=&#8221;4_4&#8243; _builder_version=&#8221;4.18.0&#8243; _module_preset=&#8221;default&#8221; global_colors_info=&#8221;{}&#8221;][et_pb_text _builder_version=&#8221;4.24.2&#8243; _module_preset=&#8221;505ff13c-b843-4625-b23a-7ac0ae50aa93&#8243; custom_margin_tablet=&#8221;||0px||false|false&#8221; custom_margin_phone=&#8221;||0px||false|false&#8221; custom_margin_last_edited=&#8221;on|tablet&#8221; global_colors_info=&#8221;{%22gcid-7f84c7d5-3df1-41ab-a564-3175da5a1c01%22:%91%22header_text_color%22,%22header_2_text_color%22,%22header_text_color%22%93}&#8221;]<\/p>\n<h2>Datacenter<\/h2>\n<p>[\/et_pb_text][\/et_pb_column][\/et_pb_row][et_pb_row column_structure=&#8221;1_2,1_2&#8243; use_custom_gutter=&#8221;on&#8221; gutter_width=&#8221;3&#8243; _builder_version=&#8221;4.24.2&#8243; _module_preset=&#8221;default&#8221; custom_padding_phone=&#8221;|30px||30px|false|true&#8221; global_colors_info=&#8221;{}&#8221;][et_pb_column type=&#8221;1_2&#8243; _builder_version=&#8221;4.24.2&#8243; _module_preset=&#8221;default&#8221; global_colors_info=&#8221;{}&#8221;][et_pb_text _builder_version=&#8221;4.24.2&#8243; _module_preset=&#8221;505ff13c-b843-4625-b23a-7ac0ae50aa93&#8243; global_colors_info=&#8221;{}&#8221;]<\/p>\n<h3>1800 m\u00b2 gewijd aan ICT<\/h3>\n<p>In 2012 werd in Mechelen een gloednieuw\u00a0<strong>professioneel datacenter\u00a0<\/strong>in gebruik genomen: 1800\u00a0m\u00b2, inclusief kantoren, en 3 modules van 500\u00a0m\u00b2\u00a0(2kW\/m\u00b2) met een PUE van 1,3, 100\u00a0% eigendom van Infrabel, moederbedrijf van TUC RAIL. TUC RAIL is verantwoordelijk voor de\u00a0<strong>commercialisering van een derde van het datacenter<\/strong>\u00a0om te voldoen aan de grote vraag naar ICT-beschikbaarheid.<\/p>\n<h3>Bedrijven in staat stellen een rendabele en toekomstgerichte ICT-omgeving te bouwen<\/h3>\n<p>Bent u op zoek naar een primair datacenter of een datacenter voor bedrijfscontinu\u00efteit? Ons datacenter beantwoordt perfect aan de eisen op het vlak van\u00a0<strong>business continuity<\/strong>\u00a0en\u00a0<strong>disaster recovery<\/strong>. Ontdek onze diensten en oplossingen:<\/p>\n<ul>\n<li>Priv\u00e9kooien met optionele racks;<\/li>\n<li>Neutrale connectiviteit met grote telecomoperatoren;<\/li>\n<li>Hands &amp; Eyes-diensten;<\/li>\n<li>End-to-end netwerkintegratie met L2\/L3-glasvezelbackbone; eigen glasvezelnetwerk van meer dan 6400 km.<\/li>\n<\/ul>\n<p>[\/et_pb_text][\/et_pb_column][et_pb_column type=&#8221;1_2&#8243; _builder_version=&#8221;4.24.2&#8243; _module_preset=&#8221;default&#8221; global_colors_info=&#8221;{}&#8221;][et_pb_text _builder_version=&#8221;4.24.2&#8243; _module_preset=&#8221;505ff13c-b843-4625-b23a-7ac0ae50aa93&#8243; global_colors_info=&#8221;{}&#8221;]<\/p>\n<h3>De beste oplossing voor uw ICT-diensten<\/h3>\n<p>Ons datacenter is ideaal gelegen tussen Brussel en Antwerpen en is zowel\u00a0<strong>met de auto als met het openbaar vervoer bereikbaar<\/strong>. Wij bieden een\u00a0<strong>modulaire service<\/strong>, wat verschillende\u00a0<em>private cage<\/em>-configuraties en uitbreidingsmogelijkheden toelaat. Onze ultramoderne stroomvoorziening is gebaseerd op een\u00a0<strong>centrale busbar met uitlezing van het energieverbruik<\/strong>.<\/p>\n<p>Met technische specificaties boven de TIER III norm (Uptime Institute), zeer strenge beveiligingsregels gebaseerd op Europese normen (ISO27001), een van de beste PUE-factoren (Power Usage Efficiency) op de markt, een koelcapaciteit van 1 kVA, 1,5 kVA en 2 kVA met uitbreidingsmogelijkheden zonder onderbreking, is ons datacenter de\u00a0<strong>beste opslagoplossing voor uw gegevens<\/strong>.<\/p>\n<h3>Milieuvriendelijke technologie\u00ebn<\/h3>\n<p>TUC RAIL steunt de\u00a0<strong>energietransitie<\/strong>\u00a0en zet zich in voor\u00a0<strong>duurzaamheid<\/strong>\u00a0in al zijn actiedomeinen. Daarom zijn\u00a0<strong>milieuvriendelijke technologie\u00ebn<\/strong>\u00a0zoals cold aisle containment en free air flow cooling in het hele datacenter ge\u00efmplementeerd.<\/p>\n<p>[\/et_pb_text][\/et_pb_column][\/et_pb_row][\/et_pb_section][et_pb_section fb_built=&#8221;1&#8243; admin_label=&#8221;CTA&#8221; _builder_version=&#8221;4.24.2&#8243; _module_preset=&#8221;default&#8221; background_color=&#8221;gcid-06567f2a-c9cd-4e0f-946d-c2d196024fbe&#8221; custom_padding=&#8221;0px||0px|0px|true|false&#8221; global_colors_info=&#8221;{%22gcid-06567f2a-c9cd-4e0f-946d-c2d196024fbe%22:%91%22background_color%22%93}&#8221;][et_pb_row column_structure=&#8221;1_2,1_2&#8243; use_custom_gutter=&#8221;on&#8221; make_equal=&#8221;on&#8221; custom_padding_last_edited=&#8221;off|desktop&#8221; _builder_version=&#8221;4.24.2&#8243; _module_preset=&#8221;default&#8221; custom_padding=&#8221;0px|0px|0px|0px|true|false&#8221; custom_padding_tablet=&#8221;|0px||0px|false|true&#8221; global_colors_info=&#8221;{}&#8221; custom_css_main_element_last_edited=&#8221;on|tablet&#8221; custom_css_main_element_tablet=&#8221;display: flex;||flex-direction: column-reverse;&#8221; custom_css_main_element_phone=&#8221;display: flex;||flex-direction: column-reverse;&#8221;][et_pb_column type=&#8221;1_2&#8243; _builder_version=&#8221;4.24.2&#8243; _module_preset=&#8221;default&#8221; background_image=&#8221;https:\/\/tucrail.poush-dev.be\/wp-content\/uploads\/2023\/03\/TUC-services-ict-04.jpg&#8221; custom_padding=&#8221;200px||||false|false&#8221; custom_css_main_element=&#8221;align-content: flex-end;||margin-bottom: 0;&#8221; global_colors_info=&#8221;{}&#8221;][et_pb_image src=&#8221;https:\/\/tucrail.poush-dev.be\/wp-content\/uploads\/2024\/04\/lines-white-bl.svg&#8221; title_text=&#8221;lines-white-bl&#8221; _builder_version=&#8221;4.24.2&#8243; _module_preset=&#8221;default&#8221; max_width=&#8221;250px&#8221; max_width_tablet=&#8221;150px&#8221; max_width_phone=&#8221;150px&#8221; max_width_last_edited=&#8221;on|tablet&#8221; custom_margin=&#8221;||0px||false|false&#8221; global_colors_info=&#8221;{}&#8221;][\/et_pb_image][\/et_pb_column][et_pb_column type=&#8221;1_2&#8243; _builder_version=&#8221;4.24.2&#8243; _module_preset=&#8221;default&#8221; custom_padding=&#8221;80px|50px|80px|50px|true|true&#8221; custom_padding_tablet=&#8221;|30px||30px|true|true&#8221; custom_padding_phone=&#8221;|30px||30px|true|true&#8221; custom_padding_last_edited=&#8221;on|tablet&#8221; global_colors_info=&#8221;{}&#8221;][et_pb_text _builder_version=&#8221;4.24.2&#8243; _module_preset=&#8221;505ff13c-b843-4625-b23a-7ac0ae50aa93&#8243; background_layout=&#8221;dark&#8221; max_width=&#8221;650px&#8221; max_width_tablet=&#8221;100%&#8221; max_width_phone=&#8221;100%&#8221; max_width_last_edited=&#8221;on|tablet&#8221; hover_enabled=&#8221;0&#8243; global_colors_info=&#8221;{%22gcid-7f84c7d5-3df1-41ab-a564-3175da5a1c01%22:%91%22header_text_color%22,%22header_text_color%22%93}&#8221; sticky_enabled=&#8221;0&#8243;]<\/p>\n<h2>Neem contact met ons op<\/h2>\n<p>[\/et_pb_text][et_pb_text _builder_version=&#8221;4.24.2&#8243; _module_preset=&#8221;505ff13c-b843-4625-b23a-7ac0ae50aa93&#8243; background_layout=&#8221;dark&#8221; hover_enabled=&#8221;0&#8243; global_colors_info=&#8221;{%22gcid-7f84c7d5-3df1-41ab-a564-3175da5a1c01%22:%91%22header_text_color%22,%22header_text_color%22%93}&#8221; sticky_enabled=&#8221;0&#8243;]<\/p>\n<p>Bent u ge\u00efnteresseerd in onze diensten? Neem contact met ons op! Wij helpen u uw behoeften te defini\u00ebren en de\u00a0<strong>juiste ICT-oplossing voor uw situatie\u00a0<\/strong>te vinden.<\/p>\n<p>[\/et_pb_text][et_pb_button button_url=&#8221;@ET-DC@eyJkeW5hbWljIjp0cnVlLCJjb250ZW50IjoicG9zdF9saW5rX3VybF9wYWdlIiwic2V0dGluZ3MiOnsicG9zdF9pZCI6IjgwIn19@&#8221; button_text=&#8221;Neem contact met ons op&#8221; _builder_version=&#8221;4.24.2&#8243; _dynamic_attributes=&#8221;button_url&#8221; _module_preset=&#8221;6dc23cfc-9682-4865-8b16-70767e44f6ef&#8221; global_colors_info=&#8221;{}&#8221;][\/et_pb_button][\/et_pb_column][\/et_pb_row][\/et_pb_section]<\/p>\n","protected":false},"excerpt":{"rendered":"<p>Onze ICT-dienstenTUC RAIL biedt gespecialiseerde\u00a0services de ICT-consultancydiensten\u00a0op maat van spoorwegorganisaties.Wat is ICT-consultancy?Deze consultancy omvat een brede waaier van diensten die helpen bij het\u00a0uitrollen van nieuwe ICT-gebaseerde technologie\u00ebn\u00a0en die spoorweginfrastructuurbeheerders bijstaan in hun\u00a0operationele digitalisering. Enkele voorbeelden zijn\u00a0SAP-implementaties\u00a0voor effici\u00ebnt Asset Management, gespecialiseerde studies voor de implementatie van GSM-R en FRMCS, het gebruik van IA-technologie\u00ebn om veiligheidstools en -processen te verbeteren, enz.Bent u ge\u00efnteresseerd in een van onze diensten?Datacenter1800 m\u00b2 gewijd aan ICT In 2012 werd in Mechelen een gloednieuw\u00a0professioneel datacenter\u00a0in gebruik genomen: 1800\u00a0m\u00b2, inclusief kantoren, en 3 modules van 500\u00a0m\u00b2\u00a0(2kW\/m\u00b2) met een PUE van 1,3, 100\u00a0% eigendom van Infrabel, moederbedrijf van TUC RAIL. TUC RAIL is verantwoordelijk voor de\u00a0commercialisering van een derde van het datacenter\u00a0om te voldoen aan de grote vraag naar ICT-beschikbaarheid. Bedrijven in staat stellen een rendabele en toekomstgerichte ICT-omgeving te bouwen Bent u op zoek naar een primair datacenter of een datacenter voor bedrijfscontinu\u00efteit? Ons datacenter beantwoordt perfect aan de eisen op het vlak van\u00a0business continuity\u00a0en\u00a0disaster recovery. Ontdek onze diensten en oplossingen: Priv\u00e9kooien met optionele racks; Neutrale connectiviteit met grote telecomoperatoren; Hands &amp; Eyes-diensten; End-to-end netwerkintegratie met L2\/L3-glasvezelbackbone; eigen glasvezelnetwerk van meer dan 6400 km. De beste oplossing voor uw ICT-diensten Ons datacenter is ideaal gelegen tussen Brussel en [&hellip;]<\/p>\n","protected":false},"author":1,"featured_media":0,"parent":2668,"menu_order":4,"comment_status":"closed","ping_status":"closed","template":"","meta":{"_et_pb_use_builder":"on","_et_pb_old_content":"","_et_gb_content_width":"","inline_featured_image":false,"footnotes":""},"yoast_head":"<!-- This site is optimized with the Yoast SEO plugin v23.5 - https:\/\/yoast.com\/wordpress\/plugins\/seo\/ -->\n<title>Onze ICT-diensten: ICT-consultancy en datacenter<\/title>\n<meta name=\"description\" content=\"Ontdek onze verschillende ICT-diensten: ICT-consultancy voor spoorwegorganisaties en professioneel datacenter.\" \/>\n<meta name=\"robots\" content=\"noindex, follow, max-snippet:-1, max-image-preview:large, max-video-preview:-1\" \/>\n<meta property=\"og:locale\" content=\"nl_NL\" \/>\n<meta property=\"og:type\" content=\"article\" \/>\n<meta property=\"og:site_name\" content=\"TUC RAIL\" \/>\n<meta property=\"article:modified_time\" content=\"2024-05-07T09:40:57+00:00\" \/>\n<meta name=\"twitter:card\" content=\"summary_large_image\" \/>\n<meta name=\"twitter:label1\" content=\"Geschatte leestijd\" \/>\n\t<meta name=\"twitter:data1\" content=\"3 minuten\" \/>\n<script type=\"application\/ld+json\" class=\"yoast-schema-graph\">{\"@context\":\"https:\/\/schema.org\",\"@graph\":[{\"@type\":\"WebPage\",\"@id\":\"https:\/\/tucrail.poush-dev.be\/nl\/diensten-producten\/ict-diensten\/\",\"url\":\"https:\/\/tucrail.poush-dev.be\/nl\/diensten-producten\/ict-diensten\/\",\"name\":\"Onze ICT-diensten: ICT-consultancy en datacenter\",\"isPartOf\":{\"@id\":\"https:\/\/tucrail.poush-dev.be\/nl\/#website\"},\"datePublished\":\"2022-12-08T12:51:51+00:00\",\"dateModified\":\"2024-05-07T09:40:57+00:00\",\"description\":\"Ontdek onze verschillende ICT-diensten: ICT-consultancy voor spoorwegorganisaties en professioneel datacenter.\",\"breadcrumb\":{\"@id\":\"https:\/\/tucrail.poush-dev.be\/nl\/diensten-producten\/ict-diensten\/#breadcrumb\"},\"inLanguage\":\"nl-NL\",\"potentialAction\":[{\"@type\":\"ReadAction\",\"target\":[\"https:\/\/tucrail.poush-dev.be\/nl\/diensten-producten\/ict-diensten\/\"]}]},{\"@type\":\"BreadcrumbList\",\"@id\":\"https:\/\/tucrail.poush-dev.be\/nl\/diensten-producten\/ict-diensten\/#breadcrumb\",\"itemListElement\":[{\"@type\":\"ListItem\",\"position\":1,\"name\":\"Accueil\",\"item\":\"https:\/\/tucrail.poush-dev.be\/nl\/\"},{\"@type\":\"ListItem\",\"position\":2,\"name\":\"Diensten en producten\",\"item\":\"https:\/\/tucrail.poush-dev.be\/nl\/services-produits\/\"},{\"@type\":\"ListItem\",\"position\":3,\"name\":\"ICT-diensten\"}]},{\"@type\":\"WebSite\",\"@id\":\"https:\/\/tucrail.poush-dev.be\/nl\/#website\",\"url\":\"https:\/\/tucrail.poush-dev.be\/nl\/\",\"name\":\"TUC RAIL\",\"description\":\"Flexible Thinking, Reliable Results\",\"potentialAction\":[{\"@type\":\"SearchAction\",\"target\":{\"@type\":\"EntryPoint\",\"urlTemplate\":\"https:\/\/tucrail.poush-dev.be\/nl\/?s={search_term_string}\"},\"query-input\":{\"@type\":\"PropertyValueSpecification\",\"valueRequired\":true,\"valueName\":\"search_term_string\"}}],\"inLanguage\":\"nl-NL\"}]}<\/script>\n<!-- \/ Yoast SEO plugin. -->","yoast_head_json":{"title":"Onze ICT-diensten: ICT-consultancy en datacenter","description":"Ontdek onze verschillende ICT-diensten: ICT-consultancy voor spoorwegorganisaties en professioneel datacenter.","robots":{"index":"noindex","follow":"follow","max-snippet":"max-snippet:-1","max-image-preview":"max-image-preview:large","max-video-preview":"max-video-preview:-1"},"og_locale":"nl_NL","og_type":"article","og_site_name":"TUC RAIL","article_modified_time":"2024-05-07T09:40:57+00:00","twitter_card":"summary_large_image","twitter_misc":{"Geschatte leestijd":"3 minuten"},"schema":{"@context":"https:\/\/schema.org","@graph":[{"@type":"WebPage","@id":"https:\/\/tucrail.poush-dev.be\/nl\/diensten-producten\/ict-diensten\/","url":"https:\/\/tucrail.poush-dev.be\/nl\/diensten-producten\/ict-diensten\/","name":"Onze ICT-diensten: ICT-consultancy en datacenter","isPartOf":{"@id":"https:\/\/tucrail.poush-dev.be\/nl\/#website"},"datePublished":"2022-12-08T12:51:51+00:00","dateModified":"2024-05-07T09:40:57+00:00","description":"Ontdek onze verschillende ICT-diensten: ICT-consultancy voor spoorwegorganisaties en professioneel datacenter.","breadcrumb":{"@id":"https:\/\/tucrail.poush-dev.be\/nl\/diensten-producten\/ict-diensten\/#breadcrumb"},"inLanguage":"nl-NL","potentialAction":[{"@type":"ReadAction","target":["https:\/\/tucrail.poush-dev.be\/nl\/diensten-producten\/ict-diensten\/"]}]},{"@type":"BreadcrumbList","@id":"https:\/\/tucrail.poush-dev.be\/nl\/diensten-producten\/ict-diensten\/#breadcrumb","itemListElement":[{"@type":"ListItem","position":1,"name":"Accueil","item":"https:\/\/tucrail.poush-dev.be\/nl\/"},{"@type":"ListItem","position":2,"name":"Diensten en producten","item":"https:\/\/tucrail.poush-dev.be\/nl\/services-produits\/"},{"@type":"ListItem","position":3,"name":"ICT-diensten"}]},{"@type":"WebSite","@id":"https:\/\/tucrail.poush-dev.be\/nl\/#website","url":"https:\/\/tucrail.poush-dev.be\/nl\/","name":"TUC RAIL","description":"Flexible Thinking, Reliable Results","potentialAction":[{"@type":"SearchAction","target":{"@type":"EntryPoint","urlTemplate":"https:\/\/tucrail.poush-dev.be\/nl\/?s={search_term_string}"},"query-input":{"@type":"PropertyValueSpecification","valueRequired":true,"valueName":"search_term_string"}}],"inLanguage":"nl-NL"}]}},"_links":{"self":[{"href":"https:\/\/tucrail.poush-dev.be\/nl\/wp-json\/wp\/v2\/pages\/2415"}],"collection":[{"href":"https:\/\/tucrail.poush-dev.be\/nl\/wp-json\/wp\/v2\/pages"}],"about":[{"href":"https:\/\/tucrail.poush-dev.be\/nl\/wp-json\/wp\/v2\/types\/page"}],"author":[{"embeddable":true,"href":"https:\/\/tucrail.poush-dev.be\/nl\/wp-json\/wp\/v2\/users\/1"}],"replies":[{"embeddable":true,"href":"https:\/\/tucrail.poush-dev.be\/nl\/wp-json\/wp\/v2\/comments?post=2415"}],"version-history":[{"count":15,"href":"https:\/\/tucrail.poush-dev.be\/nl\/wp-json\/wp\/v2\/pages\/2415\/revisions"}],"predecessor-version":[{"id":6240,"href":"https:\/\/tucrail.poush-dev.be\/nl\/wp-json\/wp\/v2\/pages\/2415\/revisions\/6240"}],"up":[{"embeddable":true,"href":"https:\/\/tucrail.poush-dev.be\/nl\/wp-json\/wp\/v2\/pages\/2668"}],"wp:attachment":[{"href":"https:\/\/tucrail.poush-dev.be\/nl\/wp-json\/wp\/v2\/media?parent=2415"}],"curies":[{"name":"wp","href":"https:\/\/api.w.org\/{rel}","templated":true}]}}